{"id":81,"date":"2023-02-20T14:39:19","date_gmt":"2023-02-20T14:39:19","guid":{"rendered":"https:\/\/draft.foodys.ch\/?page_id=81"},"modified":"2025-09-01T14:26:43","modified_gmt":"2025-09-01T14:26:43","slug":"boutique-consulting-fuer-kmu-schweiz-persoenlich-praxisnah-pontus-musa","status":"publish","type":"page","link":"https:\/\/foodys.ch\/?page_id=81","title":{"rendered":"Advisory (Boutique Consulting)"},"content":{"rendered":"\n<p><strong>Advisory \u2013 Boutique Consulting mit Hands-on-Mentalit\u00e4t<\/strong><\/p>\n\n\n\n<p>In einer Welt voller gro\u00dfer Beratungen sch\u00e4tzen viele Unternehmer eine&nbsp;<strong>pers\u00f6nliche, ma\u00dfgeschneiderte Beratung<\/strong>. Als Boutique Advisor bringe ich meine langj\u00e4hrige F\u00fchrungserfahrung ein, gepaart mit pragmatischem, unternehmerischem Denken.<\/p>\n\n\n\n<p><strong>Meine Beratungsschwerpunkte:<\/strong><\/p>\n\n\n\n<ul class=\"wp-block-list\">\n<li><strong>Strategische Weiterentwicklung von KMU<\/strong><\/li>\n\n\n\n<li><strong>Business Development &amp; Wachstum<\/strong><\/li>\n\n\n\n<li><strong>Kosten- und Effizienzprogramme<\/strong><\/li>\n\n\n\n<li><strong>Projekt- und Investitionsberatung<\/strong>\u00a0(z. B. Ausbauprojekte, Standortentscheidungen)<\/li>\n\n\n\n<li><strong>Sparringspartner f\u00fcr Unternehmer &amp; F\u00fchrungskr\u00e4fte<\/strong><\/li>\n<\/ul>\n\n\n\n<p><strong>Mein Beratungsansatz:<\/strong><\/p>\n\n\n\n<ul class=\"wp-block-list\">\n<li>Pers\u00f6nlich und individuell statt \u201eOne size fits all\u201c<\/li>\n\n\n\n<li>Direkt, ehrlich und umsetzungsorientiert<\/li>\n\n\n\n<li>Boutique-Charakter:\u00a0<strong>klare Expertise, kurze Wege, schnelle Wirkung<\/strong><\/li>\n<\/ul>\n\n\n\n<p><strong>Beratung wie eine Manufaktur: individuell, pr\u00e4zise, wirkungsvoll.<\/strong><\/p>\n\n\n\n<p><\/p>\n","protected":false},"excerpt":{"rendered":"<p>Advisory \u2013 Boutique Consulting mit Hands-on-Mentalit\u00e4t In einer Welt voller gro\u00dfer Beratungen sch\u00e4tzen viele Unternehmer eine&nbsp;pers\u00f6nliche, ma\u00dfgeschneiderte Beratung. Als Boutique Advisor bringe ich meine langj\u00e4hrige F\u00fchrungserfahrung ein, gepaart mit pragmatischem, unternehmerischem Denken. Meine Beratungsschwerpunkte: Mein Beratungsansatz: Beratung wie eine Manufaktur: individuell, pr\u00e4zise, wirkungsvoll.<\/p>\n","protected":false},"author":1,"featured_media":0,"parent":59,"menu_order":0,"comment_status":"closed","ping_status":"closed","template":"","meta":{"footnotes":""},"class_list":["post-81","page","type-page","status-publish","hentry"],"yoast_head":"<!-- This site is optimized with the Yoast SEO plugin v25.9 - https:\/\/yoast.com\/wordpress\/plugins\/seo\/ -->\n<title>Advisory (Boutique Consulting) - Foody&#039;s<\/title>\n<meta name=\"description\" content=\"Boutique Consulting f\u00fcr KMU in der Schweiz: individuelle Beratung, praxisnah &amp; flexibel. Pers\u00f6nliche Begleitung f\u00fcr nachhaltige Unternehmensentwicklung.\" \/>\n<meta name=\"robots\" content=\"index, follow, max-snippet:-1, max-image-preview:large, max-video-preview:-1\" \/>\n<link rel=\"canonical\" href=\"https:\/\/foodys.ch\/?page_id=81\" \/>\n<meta property=\"og:locale\" content=\"de_DE\" \/>\n<meta property=\"og:type\" content=\"article\" \/>\n<meta property=\"og:title\" content=\"Advisory (Boutique Consulting) - Foody&#039;s\" \/>\n<meta property=\"og:description\" content=\"Boutique Consulting f\u00fcr KMU in der Schweiz: individuelle Beratung, praxisnah &amp; flexibel. Pers\u00f6nliche Begleitung f\u00fcr nachhaltige Unternehmensentwicklung.\" \/>\n<meta property=\"og:url\" content=\"https:\/\/foodys.ch\/?page_id=81\" \/>\n<meta property=\"og:site_name\" content=\"Foody&#039;s\" \/>\n<meta property=\"article:modified_time\" content=\"2025-09-01T14:26:43+00:00\" \/>\n<meta name=\"twitter:card\" content=\"summary_large_image\" \/>\n<meta name=\"twitter:label1\" content=\"Gesch\u00e4tzte Lesezeit\" \/>\n\t<meta name=\"twitter:data1\" content=\"1\u00a0Minute\" \/>\n<script type=\"application\/ld+json\" class=\"yoast-schema-graph\">{\"@context\":\"https:\/\/schema.org\",\"@graph\":[{\"@type\":\"WebPage\",\"@id\":\"https:\/\/foodys.ch\/?page_id=81\",\"url\":\"https:\/\/foodys.ch\/?page_id=81\",\"name\":\"Advisory (Boutique Consulting) - Foody&#039;s\",\"isPartOf\":{\"@id\":\"https:\/\/foodys.ch\/#website\"},\"datePublished\":\"2023-02-20T14:39:19+00:00\",\"dateModified\":\"2025-09-01T14:26:43+00:00\",\"description\":\"Boutique Consulting f\u00fcr KMU in der Schweiz: individuelle Beratung, praxisnah & flexibel. Pers\u00f6nliche Begleitung f\u00fcr nachhaltige Unternehmensentwicklung.\",\"breadcrumb\":{\"@id\":\"https:\/\/foodys.ch\/?page_id=81#breadcrumb\"},\"inLanguage\":\"de\",\"potentialAction\":[{\"@type\":\"ReadAction\",\"target\":[\"https:\/\/foodys.ch\/?page_id=81\"]}]},{\"@type\":\"BreadcrumbList\",\"@id\":\"https:\/\/foodys.ch\/?page_id=81#breadcrumb\",\"itemListElement\":[{\"@type\":\"ListItem\",\"position\":1,\"name\":\"Startseite\",\"item\":\"https:\/\/foodys.ch\/\"},{\"@type\":\"ListItem\",\"position\":2,\"name\":\"\u201eKlarheit schaffen. Ver\u00e4nderung umsetzen. Wirkung erzielen.\u201c\",\"item\":\"https:\/\/foodys.ch\/\"},{\"@type\":\"ListItem\",\"position\":3,\"name\":\"Advisory (Boutique Consulting)\"}]},{\"@type\":\"WebSite\",\"@id\":\"https:\/\/foodys.ch\/#website\",\"url\":\"https:\/\/foodys.ch\/\",\"name\":\"Foody&#039;s\",\"description\":\"Senior Executive mit 20+ Jahren F\u00fchrungserfahrung in Hotellerie, Gastronomie und Operations.\",\"publisher\":{\"@id\":\"https:\/\/foodys.ch\/#organization\"},\"potentialAction\":[{\"@type\":\"SearchAction\",\"target\":{\"@type\":\"EntryPoint\",\"urlTemplate\":\"https:\/\/foodys.ch\/?s={search_term_string}\"},\"query-input\":{\"@type\":\"PropertyValueSpecification\",\"valueRequired\":true,\"valueName\":\"search_term_string\"}}],\"inLanguage\":\"de\"},{\"@type\":\"Organization\",\"@id\":\"https:\/\/foodys.ch\/#organization\",\"name\":\"Foody&#039;s\",\"url\":\"https:\/\/foodys.ch\/\",\"logo\":{\"@type\":\"ImageObject\",\"inLanguage\":\"de\",\"@id\":\"https:\/\/foodys.ch\/#\/schema\/logo\/image\/\",\"url\":\"https:\/\/foodys.ch\/wp-content\/uploads\/2022\/01\/cropped-foodys-mit-underline-zugeschnitten-neu.png\",\"contentUrl\":\"https:\/\/foodys.ch\/wp-content\/uploads\/2022\/01\/cropped-foodys-mit-underline-zugeschnitten-neu.png\",\"width\":1475,\"height\":536,\"caption\":\"Foody&#039;s\"},\"image\":{\"@id\":\"https:\/\/foodys.ch\/#\/schema\/logo\/image\/\"}}]}<\/script>\n<!-- \/ Yoast SEO plugin. -->","yoast_head_json":{"title":"Advisory (Boutique Consulting) - Foody&#039;s","description":"Boutique Consulting f\u00fcr KMU in der Schweiz: individuelle Beratung, praxisnah & flexibel. Pers\u00f6nliche Begleitung f\u00fcr nachhaltige Unternehmensentwicklung.","robots":{"index":"index","follow":"follow","max-snippet":"max-snippet:-1","max-image-preview":"max-image-preview:large","max-video-preview":"max-video-preview:-1"},"canonical":"https:\/\/foodys.ch\/?page_id=81","og_locale":"de_DE","og_type":"article","og_title":"Advisory (Boutique Consulting) - Foody&#039;s","og_description":"Boutique Consulting f\u00fcr KMU in der Schweiz: individuelle Beratung, praxisnah & flexibel. Pers\u00f6nliche Begleitung f\u00fcr nachhaltige Unternehmensentwicklung.","og_url":"https:\/\/foodys.ch\/?page_id=81","og_site_name":"Foody&#039;s","article_modified_time":"2025-09-01T14:26:43+00:00","twitter_card":"summary_large_image","twitter_misc":{"Gesch\u00e4tzte Lesezeit":"1\u00a0Minute"},"schema":{"@context":"https:\/\/schema.org","@graph":[{"@type":"WebPage","@id":"https:\/\/foodys.ch\/?page_id=81","url":"https:\/\/foodys.ch\/?page_id=81","name":"Advisory (Boutique Consulting) - Foody&#039;s","isPartOf":{"@id":"https:\/\/foodys.ch\/#website"},"datePublished":"2023-02-20T14:39:19+00:00","dateModified":"2025-09-01T14:26:43+00:00","description":"Boutique Consulting f\u00fcr KMU in der Schweiz: individuelle Beratung, praxisnah & flexibel. Pers\u00f6nliche Begleitung f\u00fcr nachhaltige Unternehmensentwicklung.","breadcrumb":{"@id":"https:\/\/foodys.ch\/?page_id=81#breadcrumb"},"inLanguage":"de","potentialAction":[{"@type":"ReadAction","target":["https:\/\/foodys.ch\/?page_id=81"]}]},{"@type":"BreadcrumbList","@id":"https:\/\/foodys.ch\/?page_id=81#breadcrumb","itemListElement":[{"@type":"ListItem","position":1,"name":"Startseite","item":"https:\/\/foodys.ch\/"},{"@type":"ListItem","position":2,"name":"\u201eKlarheit schaffen. Ver\u00e4nderung umsetzen. Wirkung erzielen.\u201c","item":"https:\/\/foodys.ch\/"},{"@type":"ListItem","position":3,"name":"Advisory (Boutique Consulting)"}]},{"@type":"WebSite","@id":"https:\/\/foodys.ch\/#website","url":"https:\/\/foodys.ch\/","name":"Foody&#039;s","description":"Senior Executive mit 20+ Jahren F\u00fchrungserfahrung in Hotellerie, Gastronomie und Operations.","publisher":{"@id":"https:\/\/foodys.ch\/#organization"},"potentialAction":[{"@type":"SearchAction","target":{"@type":"EntryPoint","urlTemplate":"https:\/\/foodys.ch\/?s={search_term_string}"},"query-input":{"@type":"PropertyValueSpecification","valueRequired":true,"valueName":"search_term_string"}}],"inLanguage":"de"},{"@type":"Organization","@id":"https:\/\/foodys.ch\/#organization","name":"Foody&#039;s","url":"https:\/\/foodys.ch\/","logo":{"@type":"ImageObject","inLanguage":"de","@id":"https:\/\/foodys.ch\/#\/schema\/logo\/image\/","url":"https:\/\/foodys.ch\/wp-content\/uploads\/2022\/01\/cropped-foodys-mit-underline-zugeschnitten-neu.png","contentUrl":"https:\/\/foodys.ch\/wp-content\/uploads\/2022\/01\/cropped-foodys-mit-underline-zugeschnitten-neu.png","width":1475,"height":536,"caption":"Foody&#039;s"},"image":{"@id":"https:\/\/foodys.ch\/#\/schema\/logo\/image\/"}}]}},"jetpack_sharing_enabled":true,"_links":{"self":[{"href":"https:\/\/foodys.ch\/index.php?rest_route=\/wp\/v2\/pages\/81","targetHints":{"allow":["GET"]}}],"collection":[{"href":"https:\/\/foodys.ch\/index.php?rest_route=\/wp\/v2\/pages"}],"about":[{"href":"https:\/\/foodys.ch\/index.php?rest_route=\/wp\/v2\/types\/page"}],"author":[{"embeddable":true,"href":"https:\/\/foodys.ch\/index.php?rest_route=\/wp\/v2\/users\/1"}],"replies":[{"embeddable":true,"href":"https:\/\/foodys.ch\/index.php?rest_route=%2Fwp%2Fv2%2Fcomments&post=81"}],"version-history":[{"count":13,"href":"https:\/\/foodys.ch\/index.php?rest_route=\/wp\/v2\/pages\/81\/revisions"}],"predecessor-version":[{"id":347,"href":"https:\/\/foodys.ch\/index.php?rest_route=\/wp\/v2\/pages\/81\/revisions\/347"}],"up":[{"embeddable":true,"href":"https:\/\/foodys.ch\/index.php?rest_route=\/wp\/v2\/pages\/59"}],"wp:attachment":[{"href":"https:\/\/foodys.ch\/index.php?rest_route=%2Fwp%2Fv2%2Fmedia&parent=81"}],"curies":[{"name":"wp","href":"https:\/\/api.w.org\/{rel}","templated":true}]}}