{"id":69,"date":"2023-02-20T14:11:52","date_gmt":"2023-02-20T14:11:52","guid":{"rendered":"https:\/\/draft.foodys.ch\/?page_id=69"},"modified":"2025-09-01T14:25:26","modified_gmt":"2025-09-01T14:25:26","slug":"business-transformation-turnaround-management-restrukturierung-wachstum-pontus-musa","status":"publish","type":"page","link":"https:\/\/foodys.ch\/?page_id=69","title":{"rendered":"Transformation &amp; Turnaround"},"content":{"rendered":"\n<p><strong>Transformation &amp; Turnaround \u2013 Klarheit und Umsetzung in Zeiten des Wandels<\/strong><\/p>\n\n\n\n<p>Unternehmen stehen immer wieder vor tiefgreifenden Ver\u00e4nderungen: Digitalisierung, neue M\u00e4rkte, Kostendruck oder Krisen. In solchen Phasen braucht es F\u00fchrungskr\u00e4fte, die&nbsp;<strong>Klarheit schaffen, Orientierung geben und Ver\u00e4nderungen umsetzen<\/strong>.<\/p>\n\n\n\n<p>Ich unterst\u00fctze Organisationen dabei,&nbsp;<strong>Transformationen erfolgreich zu gestalten<\/strong>&nbsp;und Turnarounds zu meistern. Dabei kombiniere ich analytisches Vorgehen mit einer klaren Hands-on-Mentalit\u00e4t.<\/p>\n\n\n\n<p><strong>Meine Schwerpunkte:<\/strong><\/p>\n\n\n\n<ul class=\"wp-block-list\">\n<li><strong>Restrukturierung &amp; Turnaround<\/strong>\u00a0\u2013 Stabilisierung und Kostenoptimierung<\/li>\n\n\n\n<li><strong>Transformation von Gesch\u00e4ftsmodellen<\/strong>\u00a0\u2013 Anpassung an Markt und Digitalisierung<\/li>\n\n\n\n<li><strong>Change Management<\/strong>\u00a0\u2013 F\u00fchrung von Menschen im Wandel<\/li>\n\n\n\n<li><strong>Effizienzsteigerung<\/strong>\u00a0\u2013 Prozesse schlanker und schneller machen<\/li>\n\n\n\n<li><strong>Leadership<\/strong>\u00a0\u2013 Vertrauen schaffen und Teams durch Unsicherheit f\u00fchren<\/li>\n<\/ul>\n\n\n\n<p><strong>Ergebnisse f\u00fcr Ihr Unternehmen:<\/strong><\/p>\n\n\n\n<ul class=\"wp-block-list\">\n<li>Klare Richtung und strukturierte Umsetzung<\/li>\n\n\n\n<li>Kostensenkungen und Liquidit\u00e4tssicherung<\/li>\n\n\n\n<li>Nachhaltige Akzeptanz von Ver\u00e4nderungen<\/li>\n\n\n\n<li>St\u00e4rkung der Wettbewerbsf\u00e4higkeit<\/li>\n<\/ul>\n\n\n\n<p><strong>Transformation gelingt, wenn Strategie, Umsetzung und Menschen zusammenspielen. Daf\u00fcr stehe ich.<\/strong><\/p>\n\n\n\n<p><\/p>\n","protected":false},"excerpt":{"rendered":"<p>Transformation &amp; Turnaround \u2013 Klarheit und Umsetzung in Zeiten des Wandels Unternehmen stehen immer wieder vor tiefgreifenden Ver\u00e4nderungen: Digitalisierung, neue M\u00e4rkte, Kostendruck oder Krisen. In solchen Phasen braucht es F\u00fchrungskr\u00e4fte, die&nbsp;Klarheit schaffen, Orientierung geben und Ver\u00e4nderungen umsetzen. Ich unterst\u00fctze Organisationen dabei,&nbsp;Transformationen erfolgreich zu gestalten&nbsp;und Turnarounds zu meistern. Dabei kombiniere ich analytisches Vorgehen mit einer klaren&hellip; <br \/> <a class=\"read-more\" href=\"https:\/\/foodys.ch\/?page_id=69\">Weiterlesen<\/a><\/p>\n","protected":false},"author":1,"featured_media":0,"parent":59,"menu_order":0,"comment_status":"closed","ping_status":"closed","template":"","meta":{"footnotes":""},"class_list":["post-69","page","type-page","status-publish","hentry"],"yoast_head":"<!-- This site is optimized with the Yoast SEO plugin v25.9 - https:\/\/yoast.com\/wordpress\/plugins\/seo\/ -->\n<title>Transformation &amp; Turnaround - Foody&#039;s<\/title>\n<meta name=\"description\" content=\"Business Transformation &amp; Turnaround Management: nachhaltige L\u00f6sungen f\u00fcr komplexe Herausforderungen. Erfahrung in Restrukturierung &amp; Change Leadership.\" \/>\n<meta name=\"robots\" content=\"index, follow, max-snippet:-1, max-image-preview:large, max-video-preview:-1\" \/>\n<link rel=\"canonical\" href=\"https:\/\/foodys.ch\/?page_id=69\" \/>\n<meta property=\"og:locale\" content=\"de_DE\" \/>\n<meta property=\"og:type\" content=\"article\" \/>\n<meta property=\"og:title\" content=\"Transformation &amp; Turnaround - Foody&#039;s\" \/>\n<meta property=\"og:description\" content=\"Business Transformation &amp; Turnaround Management: nachhaltige L\u00f6sungen f\u00fcr komplexe Herausforderungen. Erfahrung in Restrukturierung &amp; Change Leadership.\" \/>\n<meta property=\"og:url\" content=\"https:\/\/foodys.ch\/?page_id=69\" \/>\n<meta property=\"og:site_name\" content=\"Foody&#039;s\" \/>\n<meta property=\"article:modified_time\" content=\"2025-09-01T14:25:26+00:00\" \/>\n<meta name=\"twitter:card\" content=\"summary_large_image\" \/>\n<meta name=\"twitter:label1\" content=\"Gesch\u00e4tzte Lesezeit\" \/>\n\t<meta name=\"twitter:data1\" content=\"1\u00a0Minute\" \/>\n<script type=\"application\/ld+json\" class=\"yoast-schema-graph\">{\"@context\":\"https:\/\/schema.org\",\"@graph\":[{\"@type\":\"WebPage\",\"@id\":\"https:\/\/foodys.ch\/?page_id=69\",\"url\":\"https:\/\/foodys.ch\/?page_id=69\",\"name\":\"Transformation &amp; Turnaround - Foody&#039;s\",\"isPartOf\":{\"@id\":\"https:\/\/foodys.ch\/#website\"},\"datePublished\":\"2023-02-20T14:11:52+00:00\",\"dateModified\":\"2025-09-01T14:25:26+00:00\",\"description\":\"Business Transformation & Turnaround Management: nachhaltige L\u00f6sungen f\u00fcr komplexe Herausforderungen. Erfahrung in Restrukturierung & Change Leadership.\",\"breadcrumb\":{\"@id\":\"https:\/\/foodys.ch\/?page_id=69#breadcrumb\"},\"inLanguage\":\"de\",\"potentialAction\":[{\"@type\":\"ReadAction\",\"target\":[\"https:\/\/foodys.ch\/?page_id=69\"]}]},{\"@type\":\"BreadcrumbList\",\"@id\":\"https:\/\/foodys.ch\/?page_id=69#breadcrumb\",\"itemListElement\":[{\"@type\":\"ListItem\",\"position\":1,\"name\":\"Startseite\",\"item\":\"https:\/\/foodys.ch\/\"},{\"@type\":\"ListItem\",\"position\":2,\"name\":\"\u201eKlarheit schaffen. Ver\u00e4nderung umsetzen. Wirkung erzielen.\u201c\",\"item\":\"https:\/\/foodys.ch\/\"},{\"@type\":\"ListItem\",\"position\":3,\"name\":\"Transformation &amp; Turnaround\"}]},{\"@type\":\"WebSite\",\"@id\":\"https:\/\/foodys.ch\/#website\",\"url\":\"https:\/\/foodys.ch\/\",\"name\":\"Foody&#039;s\",\"description\":\"Senior Executive mit 20+ Jahren F\u00fchrungserfahrung in Hotellerie, Gastronomie und Operations.\",\"publisher\":{\"@id\":\"https:\/\/foodys.ch\/#organization\"},\"potentialAction\":[{\"@type\":\"SearchAction\",\"target\":{\"@type\":\"EntryPoint\",\"urlTemplate\":\"https:\/\/foodys.ch\/?s={search_term_string}\"},\"query-input\":{\"@type\":\"PropertyValueSpecification\",\"valueRequired\":true,\"valueName\":\"search_term_string\"}}],\"inLanguage\":\"de\"},{\"@type\":\"Organization\",\"@id\":\"https:\/\/foodys.ch\/#organization\",\"name\":\"Foody&#039;s\",\"url\":\"https:\/\/foodys.ch\/\",\"logo\":{\"@type\":\"ImageObject\",\"inLanguage\":\"de\",\"@id\":\"https:\/\/foodys.ch\/#\/schema\/logo\/image\/\",\"url\":\"https:\/\/foodys.ch\/wp-content\/uploads\/2022\/01\/cropped-foodys-mit-underline-zugeschnitten-neu.png\",\"contentUrl\":\"https:\/\/foodys.ch\/wp-content\/uploads\/2022\/01\/cropped-foodys-mit-underline-zugeschnitten-neu.png\",\"width\":1475,\"height\":536,\"caption\":\"Foody&#039;s\"},\"image\":{\"@id\":\"https:\/\/foodys.ch\/#\/schema\/logo\/image\/\"}}]}<\/script>\n<!-- \/ Yoast SEO plugin. -->","yoast_head_json":{"title":"Transformation &amp; Turnaround - Foody&#039;s","description":"Business Transformation & Turnaround Management: nachhaltige L\u00f6sungen f\u00fcr komplexe Herausforderungen. Erfahrung in Restrukturierung & Change Leadership.","robots":{"index":"index","follow":"follow","max-snippet":"max-snippet:-1","max-image-preview":"max-image-preview:large","max-video-preview":"max-video-preview:-1"},"canonical":"https:\/\/foodys.ch\/?page_id=69","og_locale":"de_DE","og_type":"article","og_title":"Transformation &amp; Turnaround - Foody&#039;s","og_description":"Business Transformation & Turnaround Management: nachhaltige L\u00f6sungen f\u00fcr komplexe Herausforderungen. Erfahrung in Restrukturierung & Change Leadership.","og_url":"https:\/\/foodys.ch\/?page_id=69","og_site_name":"Foody&#039;s","article_modified_time":"2025-09-01T14:25:26+00:00","twitter_card":"summary_large_image","twitter_misc":{"Gesch\u00e4tzte Lesezeit":"1\u00a0Minute"},"schema":{"@context":"https:\/\/schema.org","@graph":[{"@type":"WebPage","@id":"https:\/\/foodys.ch\/?page_id=69","url":"https:\/\/foodys.ch\/?page_id=69","name":"Transformation &amp; Turnaround - Foody&#039;s","isPartOf":{"@id":"https:\/\/foodys.ch\/#website"},"datePublished":"2023-02-20T14:11:52+00:00","dateModified":"2025-09-01T14:25:26+00:00","description":"Business Transformation & Turnaround Management: nachhaltige L\u00f6sungen f\u00fcr komplexe Herausforderungen. Erfahrung in Restrukturierung & Change Leadership.","breadcrumb":{"@id":"https:\/\/foodys.ch\/?page_id=69#breadcrumb"},"inLanguage":"de","potentialAction":[{"@type":"ReadAction","target":["https:\/\/foodys.ch\/?page_id=69"]}]},{"@type":"BreadcrumbList","@id":"https:\/\/foodys.ch\/?page_id=69#breadcrumb","itemListElement":[{"@type":"ListItem","position":1,"name":"Startseite","item":"https:\/\/foodys.ch\/"},{"@type":"ListItem","position":2,"name":"\u201eKlarheit schaffen. Ver\u00e4nderung umsetzen. Wirkung erzielen.\u201c","item":"https:\/\/foodys.ch\/"},{"@type":"ListItem","position":3,"name":"Transformation &amp; Turnaround"}]},{"@type":"WebSite","@id":"https:\/\/foodys.ch\/#website","url":"https:\/\/foodys.ch\/","name":"Foody&#039;s","description":"Senior Executive mit 20+ Jahren F\u00fchrungserfahrung in Hotellerie, Gastronomie und Operations.","publisher":{"@id":"https:\/\/foodys.ch\/#organization"},"potentialAction":[{"@type":"SearchAction","target":{"@type":"EntryPoint","urlTemplate":"https:\/\/foodys.ch\/?s={search_term_string}"},"query-input":{"@type":"PropertyValueSpecification","valueRequired":true,"valueName":"search_term_string"}}],"inLanguage":"de"},{"@type":"Organization","@id":"https:\/\/foodys.ch\/#organization","name":"Foody&#039;s","url":"https:\/\/foodys.ch\/","logo":{"@type":"ImageObject","inLanguage":"de","@id":"https:\/\/foodys.ch\/#\/schema\/logo\/image\/","url":"https:\/\/foodys.ch\/wp-content\/uploads\/2022\/01\/cropped-foodys-mit-underline-zugeschnitten-neu.png","contentUrl":"https:\/\/foodys.ch\/wp-content\/uploads\/2022\/01\/cropped-foodys-mit-underline-zugeschnitten-neu.png","width":1475,"height":536,"caption":"Foody&#039;s"},"image":{"@id":"https:\/\/foodys.ch\/#\/schema\/logo\/image\/"}}]}},"jetpack_sharing_enabled":true,"_links":{"self":[{"href":"https:\/\/foodys.ch\/index.php?rest_route=\/wp\/v2\/pages\/69","targetHints":{"allow":["GET"]}}],"collection":[{"href":"https:\/\/foodys.ch\/index.php?rest_route=\/wp\/v2\/pages"}],"about":[{"href":"https:\/\/foodys.ch\/index.php?rest_route=\/wp\/v2\/types\/page"}],"author":[{"embeddable":true,"href":"https:\/\/foodys.ch\/index.php?rest_route=\/wp\/v2\/users\/1"}],"replies":[{"embeddable":true,"href":"https:\/\/foodys.ch\/index.php?rest_route=%2Fwp%2Fv2%2Fcomments&post=69"}],"version-history":[{"count":10,"href":"https:\/\/foodys.ch\/index.php?rest_route=\/wp\/v2\/pages\/69\/revisions"}],"predecessor-version":[{"id":342,"href":"https:\/\/foodys.ch\/index.php?rest_route=\/wp\/v2\/pages\/69\/revisions\/342"}],"up":[{"embeddable":true,"href":"https:\/\/foodys.ch\/index.php?rest_route=\/wp\/v2\/pages\/59"}],"wp:attachment":[{"href":"https:\/\/foodys.ch\/index.php?rest_route=%2Fwp%2Fv2%2Fmedia&parent=69"}],"curies":[{"name":"wp","href":"https:\/\/api.w.org\/{rel}","templated":true}]}}